{"id":4323,"date":"2020-09-16T16:48:46","date_gmt":"2020-09-16T14:48:46","guid":{"rendered":"https:\/\/ateliercouleurpapier.fr\/?page_id=4323"},"modified":"2022-04-11T15:38:40","modified_gmt":"2022-04-11T13:38:40","slug":"expositions-2","status":"publish","type":"page","link":"https:\/\/ateliercouleurpapier.fr\/?page_id=4323","title":{"rendered":"Expositions"},"content":{"rendered":"\t\t<div data-elementor-type=\"wp-page\" data-elementor-id=\"4323\" class=\"elementor elementor-4323\">\n\t\t\t\t\t\t<section class=\"elementor-section elementor-top-section elementor-element elementor-element-1b0a5d33 animated-slow elementor-section-boxed elementor-section-height-default elementor-section-height-default elementor-invisible\" data-id=\"1b0a5d33\" data-element_type=\"section\" data-e-type=\"section\" data-settings=\"{&quot;background_background&quot;:&quot;classic&quot;,&quot;animation&quot;:&quot;fadeIn&quot;}\">\n\t\t\t\t\t\t\t<div class=\"elementor-background-overlay\"><\/div>\n\t\t\t\t\t\t\t<div class=\"elementor-container elementor-column-gap-default\">\n\t\t\t\t\t<div class=\"elementor-column elementor-col-100 elementor-top-column elementor-element elementor-element-1f841ba\" data-id=\"1f841ba\" data-element_type=\"column\" data-e-type=\"column\">\n\t\t\t<div class=\"elementor-widget-wrap\">\n\t\t\t\t\t\t\t<\/div>\n\t\t<\/div>\n\t\t\t\t\t<\/div>\n\t\t<\/section>\n\t\t\t\t<section class=\"elementor-section elementor-top-section elementor-element elementor-element-495ceca elementor-section-boxed elementor-section-height-default elementor-section-height-default\" data-id=\"495ceca\" data-element_type=\"section\" data-e-type=\"section\">\n\t\t\t\t\t\t<div class=\"elementor-container elementor-column-gap-default\">\n\t\t\t\t\t<div class=\"elementor-column elementor-col-100 elementor-top-column elementor-element elementor-element-fcc4dc3\" data-id=\"fcc4dc3\" data-element_type=\"column\" data-e-type=\"column\">\n\t\t\t<div class=\"elementor-widget-wrap elementor-element-populated\">\n\t\t\t\t\t\t<div class=\"elementor-element elementor-element-1ee7b83 elementor-widget elementor-widget-heading\" data-id=\"1ee7b83\" data-element_type=\"widget\" data-e-type=\"widget\" data-widget_type=\"heading.default\">\n\t\t\t\t<div class=\"elementor-widget-container\">\n\t\t\t\t\t<h1 class=\"elementor-heading-title elementor-size-default\">Mes expositions actuelles et pass\u00e9es<\/h1>\t\t\t\t<\/div>\n\t\t\t\t<\/div>\n\t\t\t\t\t<\/div>\n\t\t<\/div>\n\t\t\t\t\t<\/div>\n\t\t<\/section>\n\t\t\t\t<section class=\"elementor-section elementor-top-section elementor-element elementor-element-6027d0f elementor-reverse-mobile elementor-section-boxed elementor-section-height-default elementor-section-height-default\" data-id=\"6027d0f\" data-element_type=\"section\" data-e-type=\"section\" data-settings=\"{&quot;background_background&quot;:&quot;classic&quot;}\">\n\t\t\t\t\t\t<div class=\"elementor-container elementor-column-gap-no\">\n\t\t\t\t\t<div class=\"elementor-column elementor-col-100 elementor-top-column elementor-element elementor-element-355c572\" data-id=\"355c572\" data-element_type=\"column\" data-e-type=\"column\">\n\t\t\t<div class=\"elementor-widget-wrap elementor-element-populated\">\n\t\t\t\t\t\t<div class=\"elementor-element elementor-element-8b4473b elementor-widget elementor-widget-heading\" data-id=\"8b4473b\" data-element_type=\"widget\" data-e-type=\"widget\" data-widget_type=\"heading.default\">\n\t\t\t\t<div class=\"elementor-widget-container\">\n\t\t\t\t\t<h2 class=\"elementor-heading-title elementor-size-default\"><a href=\"https:\/\/collage.com.ar\/index.php\/zoraica-correia\/\" target=\"_blank\">Exposition virtuelle Z\u00f4 Correia  Avril 2021\n<\/a><\/h2>\t\t\t\t<\/div>\n\t\t\t\t<\/div>\n\t\t\t\t<div class=\"elementor-element elementor-element-b6619ba elementor-widget elementor-widget-text-editor\" data-id=\"b6619ba\" data-element_type=\"widget\" data-e-type=\"widget\" data-widget_type=\"text-editor.default\">\n\t\t\t\t<div class=\"elementor-widget-container\">\n\t\t\t\t\t\t\t\t\t<p style=\"text-align: center;\">Collages analogiques sur papier, toile ou bois<\/p>\t\t\t\t\t\t\t\t<\/div>\n\t\t\t\t<\/div>\n\t\t\t\t<div class=\"elementor-element elementor-element-55e97bd elementor-widget elementor-widget-text-editor\" data-id=\"55e97bd\" data-element_type=\"widget\" data-e-type=\"widget\" data-widget_type=\"text-editor.default\">\n\t\t\t\t<div class=\"elementor-widget-container\">\n\t\t\t\t\t\t\t\t\t<p style=\"text-align: center;\">A partir du 1 avril 2021 sur <span style=\"text-decoration: underline;\"><a href=\"https:\/\/collage.com.ar\/index.php\/zoraica-correia\/\" target=\"_blank\" rel=\"noopener\">Collage.ar<\/a><\/span><\/p>\t\t\t\t\t\t\t\t<\/div>\n\t\t\t\t<\/div>\n\t\t\t\t<div class=\"elementor-element elementor-element-8998ea6 animated-slow elementor-invisible elementor-widget elementor-widget-image\" data-id=\"8998ea6\" data-element_type=\"widget\" data-e-type=\"widget\" data-settings=\"{&quot;_animation_mobile&quot;:&quot;zoomIn&quot;,&quot;_animation&quot;:&quot;zoomIn&quot;}\" data-widget_type=\"image.default\">\n\t\t\t\t<div class=\"elementor-widget-container\">\n\t\t\t\t\t\t\t\t\t\t\t\t\t\t\t<img fetchpriority=\"high\" decoding=\"async\" width=\"506\" height=\"900\" src=\"https:\/\/ateliercouleurpapier.fr\/wp-content\/uploads\/2021\/03\/Exposition-virtuelle-Zo-Correia-Avril-2021-900.jpg\" class=\"attachment-medium_large size-medium_large wp-image-7892\" alt=\"Exposition Zo Correia\" srcset=\"https:\/\/ateliercouleurpapier.fr\/wp-content\/uploads\/2021\/03\/Exposition-virtuelle-Zo-Correia-Avril-2021-900.jpg 506w, https:\/\/ateliercouleurpapier.fr\/wp-content\/uploads\/2021\/03\/Exposition-virtuelle-Zo-Correia-Avril-2021-900-416x740.jpg 416w, https:\/\/ateliercouleurpapier.fr\/wp-content\/uploads\/2021\/03\/Exposition-virtuelle-Zo-Correia-Avril-2021-900-169x300.jpg 169w\" sizes=\"(max-width: 506px) 100vw, 506px\" \/>\t\t\t\t\t\t\t\t\t\t\t\t\t\t\t<\/div>\n\t\t\t\t<\/div>\n\t\t\t\t\t<\/div>\n\t\t<\/div>\n\t\t\t\t\t<\/div>\n\t\t<\/section>\n\t\t\t\t<section class=\"elementor-section elementor-top-section elementor-element elementor-element-8638927 elementor-reverse-mobile elementor-section-boxed elementor-section-height-default elementor-section-height-default\" data-id=\"8638927\" data-element_type=\"section\" data-e-type=\"section\" data-settings=\"{&quot;background_background&quot;:&quot;classic&quot;}\">\n\t\t\t\t\t\t<div class=\"elementor-container elementor-column-gap-no\">\n\t\t\t\t\t<div class=\"elementor-column elementor-col-100 elementor-top-column elementor-element elementor-element-d5c24bd\" data-id=\"d5c24bd\" data-element_type=\"column\" data-e-type=\"column\">\n\t\t\t<div class=\"elementor-widget-wrap elementor-element-populated\">\n\t\t\t\t\t\t<div class=\"elementor-element elementor-element-ebbd617 elementor-widget elementor-widget-heading\" data-id=\"ebbd617\" data-element_type=\"widget\" data-e-type=\"widget\" data-widget_type=\"heading.default\">\n\t\t\t\t<div class=\"elementor-widget-container\">\n\t\t\t\t\t<h2 class=\"elementor-heading-title elementor-size-default\"><a href=\"https:\/\/ateliercouleurpapier.fr\/?page_id=1096\">Fleurs a\u00e9riennes 2020\n<\/a><\/h2>\t\t\t\t<\/div>\n\t\t\t\t<\/div>\n\t\t\t\t<div class=\"elementor-element elementor-element-443837d elementor-widget elementor-widget-text-editor\" data-id=\"443837d\" data-element_type=\"widget\" data-e-type=\"widget\" data-widget_type=\"text-editor.default\">\n\t\t\t\t<div class=\"elementor-widget-container\">\n\t\t\t\t\t\t\t\t\t<p style=\"text-align: center;\">Collages analogiques sur papier, toile ou bois<\/p>\t\t\t\t\t\t\t\t<\/div>\n\t\t\t\t<\/div>\n\t\t\t\t<div class=\"elementor-element elementor-element-9922ddd elementor-widget elementor-widget-text-editor\" data-id=\"9922ddd\" data-element_type=\"widget\" data-e-type=\"widget\" data-widget_type=\"text-editor.default\">\n\t\t\t\t<div class=\"elementor-widget-container\">\n\t\t\t\t\t\t\t\t\t<p style=\"text-align: center;\">Du 15 f\u00e9vrier au 30 avril 2020<\/p>\t\t\t\t\t\t\t\t<\/div>\n\t\t\t\t<\/div>\n\t\t\t\t<div class=\"elementor-element elementor-element-13a281c animated-slow elementor-invisible elementor-widget elementor-widget-image\" data-id=\"13a281c\" data-element_type=\"widget\" data-e-type=\"widget\" data-settings=\"{&quot;_animation_mobile&quot;:&quot;zoomIn&quot;,&quot;_animation&quot;:&quot;zoomIn&quot;}\" data-widget_type=\"image.default\">\n\t\t\t\t<div class=\"elementor-widget-container\">\n\t\t\t\t\t\t\t\t\t\t\t\t\t\t\t<img decoding=\"async\" width=\"453\" height=\"640\" src=\"https:\/\/ateliercouleurpapier.fr\/wp-content\/uploads\/2020\/12\/Expo-Zo-correia.jpg\" class=\"attachment-large size-large wp-image-6404\" alt=\"\" srcset=\"https:\/\/ateliercouleurpapier.fr\/wp-content\/uploads\/2020\/12\/Expo-Zo-correia.jpg 453w, https:\/\/ateliercouleurpapier.fr\/wp-content\/uploads\/2020\/12\/Expo-Zo-correia-416x588.jpg 416w, https:\/\/ateliercouleurpapier.fr\/wp-content\/uploads\/2020\/12\/Expo-Zo-correia-212x300.jpg 212w\" sizes=\"(max-width: 453px) 100vw, 453px\" \/>\t\t\t\t\t\t\t\t\t\t\t\t\t\t\t<\/div>\n\t\t\t\t<\/div>\n\t\t\t\t\t<\/div>\n\t\t<\/div>\n\t\t\t\t\t<\/div>\n\t\t<\/section>\n\t\t\t\t<section class=\"elementor-section elementor-top-section elementor-element elementor-element-08b1dc7 elementor-section-boxed elementor-section-height-default elementor-section-height-default\" data-id=\"08b1dc7\" data-element_type=\"section\" data-e-type=\"section\">\n\t\t\t\t\t\t<div class=\"elementor-container elementor-column-gap-default\">\n\t\t\t\t\t<div class=\"elementor-column elementor-col-100 elementor-top-column elementor-element elementor-element-12298c2\" data-id=\"12298c2\" data-element_type=\"column\" data-e-type=\"column\">\n\t\t\t<div class=\"elementor-widget-wrap elementor-element-populated\">\n\t\t\t\t\t\t<div class=\"elementor-element elementor-element-1265031 elementor-widget elementor-widget-text-editor\" data-id=\"1265031\" data-element_type=\"widget\" data-e-type=\"widget\" data-widget_type=\"text-editor.default\">\n\t\t\t\t<div class=\"elementor-widget-container\">\n\t\t\t\t\t\t\t\t\t<p style=\"text-align: center;\">Vous aimez mon travail ? Suivez-moi sur\u00a0<span style=\"text-decoration: underline;\"><a href=\"https:\/\/www.facebook.com\/Celebre3\" target=\"_blank\" rel=\"noopener\">Facebook<\/a> <\/span>et sur\u00a0<span style=\"text-decoration: underline;\"><a href=\"https:\/\/www.instagram.com\/metamorfose_collage\/\" target=\"_blank\" rel=\"noopener\">Instagram<\/a><\/span> ! Si vous d\u00e9sirez acqu\u00e9rir l&rsquo;un de mes collages, merci de me contacter par courrier.<\/p>\t\t\t\t\t\t\t\t<\/div>\n\t\t\t\t<\/div>\n\t\t\t\t\t<\/div>\n\t\t<\/div>\n\t\t\t\t\t<\/div>\n\t\t<\/section>\n\t\t\t\t<section class=\"elementor-section elementor-top-section elementor-element elementor-element-f20bae6 elementor-section-boxed elementor-section-height-default elementor-section-height-default\" data-id=\"f20bae6\" data-element_type=\"section\" data-e-type=\"section\" data-settings=\"{&quot;animation_mobile&quot;:&quot;none&quot;}\">\n\t\t\t\t\t\t<div class=\"elementor-container elementor-column-gap-default\">\n\t\t\t\t\t<div class=\"elementor-column elementor-col-100 elementor-top-column elementor-element elementor-element-41f0a0d\" data-id=\"41f0a0d\" data-element_type=\"column\" data-e-type=\"column\">\n\t\t\t<div class=\"elementor-widget-wrap elementor-element-populated\">\n\t\t\t\t\t\t<div class=\"elementor-element elementor-element-d467a3a elementor-mobile-align-center elementor-align-center elementor-widget elementor-widget-button\" data-id=\"d467a3a\" data-element_type=\"widget\" data-e-type=\"widget\" data-widget_type=\"button.default\">\n\t\t\t\t<div class=\"elementor-widget-container\">\n\t\t\t\t\t\t\t\t\t<div class=\"elementor-button-wrapper\">\n\t\t\t\t\t<a class=\"elementor-button elementor-button-link elementor-size-sm\" href=\"https:\/\/ateliercouleurpapier.fr\/?page_id=83\">\n\t\t\t\t\t\t<span class=\"elementor-button-content-wrapper\">\n\t\t\t\t\t\t\t\t\t<span class=\"elementor-button-text\">Contact<\/span>\n\t\t\t\t\t<\/span>\n\t\t\t\t\t<\/a>\n\t\t\t\t<\/div>\n\t\t\t\t\t\t\t\t<\/div>\n\t\t\t\t<\/div>\n\t\t\t\t\t<\/div>\n\t\t<\/div>\n\t\t\t\t\t<\/div>\n\t\t<\/section>\n\t\t\t\t<\/div>\n\t\t","protected":false},"excerpt":{"rendered":"<p>Mes expositions actuelles et pass\u00e9es Exposition virtuelle Z\u00f4 Correia Avril 2021 Collages analogiques sur papier, toile ou bois A partir du 1 avril 2021 sur Collage.ar Fleurs a\u00e9riennes 2020 Collages analogiques sur papier, toile ou bois Du 15 f\u00e9vrier au 30 avril 2020 Vous aimez mon travail ? Suivez-moi sur&nbsp;Facebook et sur&nbsp;Instagram ! Si vous [&hellip;]<\/p>\n","protected":false},"author":1,"featured_media":0,"parent":0,"menu_order":0,"comment_status":"closed","ping_status":"closed","template":"","meta":{"site-sidebar-layout":"no-sidebar","site-content-layout":"page-builder","ast-site-content-layout":"","site-content-style":"default","site-sidebar-style":"default","ast-global-header-display":"","ast-banner-title-visibility":"","ast-main-header-display":"","ast-hfb-above-header-display":"","ast-hfb-below-header-display":"","ast-hfb-mobile-header-display":"","site-post-title":"disabled","ast-breadcrumbs-content":"","ast-featured-img":"","footer-sml-layout":"","theme-transparent-header-meta":"enabled","adv-header-id-meta":"","stick-header-meta":"","header-above-stick-meta":"","header-main-stick-meta":"","header-below-stick-meta":"","astra-migrate-meta-layouts":"default","ast-page-background-enabled":"default","ast-page-background-meta":{"desktop":{"background-color":"","background-image":"","background-repeat":"repeat","background-position":"center center","background-size":"auto","background-attachment":"scroll","background-type":"","background-media":"","overlay-type":"","overlay-color":"","overlay-opacity":"","overlay-gradient":""},"tablet":{"background-color":"","background-image":"","background-repeat":"repeat","background-position":"center center","background-size":"auto","background-attachment":"scroll","background-type":"","background-media":"","overlay-type":"","overlay-color":"","overlay-opacity":"","overlay-gradient":""},"mobile":{"background-color":"","background-image":"","background-repeat":"repeat","background-position":"center center","background-size":"auto","background-attachment":"scroll","background-type":"","background-media":"","overlay-type":"","overlay-color":"","overlay-opacity":"","overlay-gradient":""}},"ast-content-background-meta":{"desktop":{"background-color":"var(--ast-global-color-5)","background-image":"","background-repeat":"repeat","background-position":"center center","background-size":"auto","background-attachment":"scroll","background-type":"","background-media":"","overlay-type":"","overlay-color":"","overlay-opacity":"","overlay-gradient":""},"tablet":{"background-color":"var(--ast-global-color-5)","background-image":"","background-repeat":"repeat","background-position":"center center","background-size":"auto","background-attachment":"scroll","background-type":"","background-media":"","overlay-type":"","overlay-color":"","overlay-opacity":"","overlay-gradient":""},"mobile":{"background-color":"var(--ast-global-color-5)","background-image":"","background-repeat":"repeat","background-position":"center center","background-size":"auto","background-attachment":"scroll","background-type":"","background-media":"","overlay-type":"","overlay-color":"","overlay-opacity":"","overlay-gradient":""}},"footnotes":""},"class_list":["post-4323","page","type-page","status-publish","hentry"],"yoast_head":"<!-- This site is optimized with the Yoast SEO plugin v27.3 - https:\/\/yoast.com\/product\/yoast-seo-wordpress\/ -->\n<title>Expositions - Atelier couleur papier<\/title>\n<meta name=\"robots\" content=\"index, follow, max-snippet:-1, max-image-preview:large, max-video-preview:-1\" \/>\n<link rel=\"canonical\" href=\"https:\/\/ateliercouleurpapier.fr\/?page_id=4323\" \/>\n<meta property=\"og:locale\" content=\"fr_FR\" \/>\n<meta property=\"og:type\" content=\"article\" \/>\n<meta property=\"og:title\" content=\"Expositions - Atelier couleur papier\" \/>\n<meta property=\"og:description\" content=\"Mes expositions actuelles et pass\u00e9es Exposition virtuelle Z\u00f4 Correia Avril 2021 Collages analogiques sur papier, toile ou bois A partir du 1 avril 2021 sur Collage.ar Fleurs a\u00e9riennes 2020 Collages analogiques sur papier, toile ou bois Du 15 f\u00e9vrier au 30 avril 2020 Vous aimez mon travail ? Suivez-moi sur&nbsp;Facebook et sur&nbsp;Instagram ! Si vous [&hellip;]\" \/>\n<meta property=\"og:url\" content=\"https:\/\/ateliercouleurpapier.fr\/?page_id=4323\" \/>\n<meta property=\"og:site_name\" content=\"Atelier couleur papier\" \/>\n<meta property=\"article:publisher\" content=\"https:\/\/www.facebook.com\/ateliercouleurpapier\/\" \/>\n<meta property=\"article:modified_time\" content=\"2022-04-11T13:38:40+00:00\" \/>\n<meta property=\"og:image\" content=\"https:\/\/ateliercouleurpapier.fr\/wp-content\/uploads\/2021\/03\/Exposition-virtuelle-Zo-Correia-Avril-2021-900.jpg\" \/>\n<meta name=\"twitter:card\" content=\"summary_large_image\" \/>\n<meta name=\"twitter:label1\" content=\"Dur\u00e9e de lecture estim\u00e9e\" \/>\n\t<meta name=\"twitter:data1\" content=\"1 minute\" \/>\n<script type=\"application\/ld+json\" class=\"yoast-schema-graph\">{\"@context\":\"https:\\\/\\\/schema.org\",\"@graph\":[{\"@type\":\"WebPage\",\"@id\":\"https:\\\/\\\/ateliercouleurpapier.fr\\\/?page_id=4323\",\"url\":\"https:\\\/\\\/ateliercouleurpapier.fr\\\/?page_id=4323\",\"name\":\"Expositions - Atelier couleur papier\",\"isPartOf\":{\"@id\":\"https:\\\/\\\/ateliercouleurpapier.fr\\\/#website\"},\"primaryImageOfPage\":{\"@id\":\"https:\\\/\\\/ateliercouleurpapier.fr\\\/?page_id=4323#primaryimage\"},\"image\":{\"@id\":\"https:\\\/\\\/ateliercouleurpapier.fr\\\/?page_id=4323#primaryimage\"},\"thumbnailUrl\":\"https:\\\/\\\/ateliercouleurpapier.fr\\\/wp-content\\\/uploads\\\/2021\\\/03\\\/Exposition-virtuelle-Zo-Correia-Avril-2021-900.jpg\",\"datePublished\":\"2020-09-16T14:48:46+00:00\",\"dateModified\":\"2022-04-11T13:38:40+00:00\",\"breadcrumb\":{\"@id\":\"https:\\\/\\\/ateliercouleurpapier.fr\\\/?page_id=4323#breadcrumb\"},\"inLanguage\":\"fr-FR\",\"potentialAction\":[{\"@type\":\"ReadAction\",\"target\":[\"https:\\\/\\\/ateliercouleurpapier.fr\\\/?page_id=4323\"]}]},{\"@type\":\"ImageObject\",\"inLanguage\":\"fr-FR\",\"@id\":\"https:\\\/\\\/ateliercouleurpapier.fr\\\/?page_id=4323#primaryimage\",\"url\":\"https:\\\/\\\/ateliercouleurpapier.fr\\\/wp-content\\\/uploads\\\/2021\\\/03\\\/Exposition-virtuelle-Zo-Correia-Avril-2021-900.jpg\",\"contentUrl\":\"https:\\\/\\\/ateliercouleurpapier.fr\\\/wp-content\\\/uploads\\\/2021\\\/03\\\/Exposition-virtuelle-Zo-Correia-Avril-2021-900.jpg\",\"width\":506,\"height\":900,\"caption\":\"Exposition Zo Correia\"},{\"@type\":\"BreadcrumbList\",\"@id\":\"https:\\\/\\\/ateliercouleurpapier.fr\\\/?page_id=4323#breadcrumb\",\"itemListElement\":[{\"@type\":\"ListItem\",\"position\":1,\"name\":\"Accueil\",\"item\":\"https:\\\/\\\/ateliercouleurpapier.fr\\\/\"},{\"@type\":\"ListItem\",\"position\":2,\"name\":\"Expositions\"}]},{\"@type\":\"WebSite\",\"@id\":\"https:\\\/\\\/ateliercouleurpapier.fr\\\/#website\",\"url\":\"https:\\\/\\\/ateliercouleurpapier.fr\\\/\",\"name\":\"Atelier couleur papier\",\"description\":\"\",\"potentialAction\":[{\"@type\":\"SearchAction\",\"target\":{\"@type\":\"EntryPoint\",\"urlTemplate\":\"https:\\\/\\\/ateliercouleurpapier.fr\\\/?s={search_term_string}\"},\"query-input\":{\"@type\":\"PropertyValueSpecification\",\"valueRequired\":true,\"valueName\":\"search_term_string\"}}],\"inLanguage\":\"fr-FR\"}]}<\/script>\n<!-- \/ Yoast SEO plugin. -->","yoast_head_json":{"title":"Expositions - Atelier couleur papier","robots":{"index":"index","follow":"follow","max-snippet":"max-snippet:-1","max-image-preview":"max-image-preview:large","max-video-preview":"max-video-preview:-1"},"canonical":"https:\/\/ateliercouleurpapier.fr\/?page_id=4323","og_locale":"fr_FR","og_type":"article","og_title":"Expositions - Atelier couleur papier","og_description":"Mes expositions actuelles et pass\u00e9es Exposition virtuelle Z\u00f4 Correia Avril 2021 Collages analogiques sur papier, toile ou bois A partir du 1 avril 2021 sur Collage.ar Fleurs a\u00e9riennes 2020 Collages analogiques sur papier, toile ou bois Du 15 f\u00e9vrier au 30 avril 2020 Vous aimez mon travail ? Suivez-moi sur&nbsp;Facebook et sur&nbsp;Instagram ! Si vous [&hellip;]","og_url":"https:\/\/ateliercouleurpapier.fr\/?page_id=4323","og_site_name":"Atelier couleur papier","article_publisher":"https:\/\/www.facebook.com\/ateliercouleurpapier\/","article_modified_time":"2022-04-11T13:38:40+00:00","og_image":[{"url":"https:\/\/ateliercouleurpapier.fr\/wp-content\/uploads\/2021\/03\/Exposition-virtuelle-Zo-Correia-Avril-2021-900.jpg","type":"","width":"","height":""}],"twitter_card":"summary_large_image","twitter_misc":{"Dur\u00e9e de lecture estim\u00e9e":"1 minute"},"schema":{"@context":"https:\/\/schema.org","@graph":[{"@type":"WebPage","@id":"https:\/\/ateliercouleurpapier.fr\/?page_id=4323","url":"https:\/\/ateliercouleurpapier.fr\/?page_id=4323","name":"Expositions - Atelier couleur papier","isPartOf":{"@id":"https:\/\/ateliercouleurpapier.fr\/#website"},"primaryImageOfPage":{"@id":"https:\/\/ateliercouleurpapier.fr\/?page_id=4323#primaryimage"},"image":{"@id":"https:\/\/ateliercouleurpapier.fr\/?page_id=4323#primaryimage"},"thumbnailUrl":"https:\/\/ateliercouleurpapier.fr\/wp-content\/uploads\/2021\/03\/Exposition-virtuelle-Zo-Correia-Avril-2021-900.jpg","datePublished":"2020-09-16T14:48:46+00:00","dateModified":"2022-04-11T13:38:40+00:00","breadcrumb":{"@id":"https:\/\/ateliercouleurpapier.fr\/?page_id=4323#breadcrumb"},"inLanguage":"fr-FR","potentialAction":[{"@type":"ReadAction","target":["https:\/\/ateliercouleurpapier.fr\/?page_id=4323"]}]},{"@type":"ImageObject","inLanguage":"fr-FR","@id":"https:\/\/ateliercouleurpapier.fr\/?page_id=4323#primaryimage","url":"https:\/\/ateliercouleurpapier.fr\/wp-content\/uploads\/2021\/03\/Exposition-virtuelle-Zo-Correia-Avril-2021-900.jpg","contentUrl":"https:\/\/ateliercouleurpapier.fr\/wp-content\/uploads\/2021\/03\/Exposition-virtuelle-Zo-Correia-Avril-2021-900.jpg","width":506,"height":900,"caption":"Exposition Zo Correia"},{"@type":"BreadcrumbList","@id":"https:\/\/ateliercouleurpapier.fr\/?page_id=4323#breadcrumb","itemListElement":[{"@type":"ListItem","position":1,"name":"Accueil","item":"https:\/\/ateliercouleurpapier.fr\/"},{"@type":"ListItem","position":2,"name":"Expositions"}]},{"@type":"WebSite","@id":"https:\/\/ateliercouleurpapier.fr\/#website","url":"https:\/\/ateliercouleurpapier.fr\/","name":"Atelier couleur papier","description":"","potentialAction":[{"@type":"SearchAction","target":{"@type":"EntryPoint","urlTemplate":"https:\/\/ateliercouleurpapier.fr\/?s={search_term_string}"},"query-input":{"@type":"PropertyValueSpecification","valueRequired":true,"valueName":"search_term_string"}}],"inLanguage":"fr-FR"}]}},"_links":{"self":[{"href":"https:\/\/ateliercouleurpapier.fr\/index.php?rest_route=\/wp\/v2\/pages\/4323","targetHints":{"allow":["GET"]}}],"collection":[{"href":"https:\/\/ateliercouleurpapier.fr\/index.php?rest_route=\/wp\/v2\/pages"}],"about":[{"href":"https:\/\/ateliercouleurpapier.fr\/index.php?rest_route=\/wp\/v2\/types\/page"}],"author":[{"embeddable":true,"href":"https:\/\/ateliercouleurpapier.fr\/index.php?rest_route=\/wp\/v2\/users\/1"}],"replies":[{"embeddable":true,"href":"https:\/\/ateliercouleurpapier.fr\/index.php?rest_route=%2Fwp%2Fv2%2Fcomments&post=4323"}],"version-history":[{"count":573,"href":"https:\/\/ateliercouleurpapier.fr\/index.php?rest_route=\/wp\/v2\/pages\/4323\/revisions"}],"predecessor-version":[{"id":14534,"href":"https:\/\/ateliercouleurpapier.fr\/index.php?rest_route=\/wp\/v2\/pages\/4323\/revisions\/14534"}],"wp:attachment":[{"href":"https:\/\/ateliercouleurpapier.fr\/index.php?rest_route=%2Fwp%2Fv2%2Fmedia&parent=4323"}],"curies":[{"name":"wp","href":"https:\/\/api.w.org\/{rel}","templated":true}]}}